{"id":197,"date":"2018-01-29T22:01:01","date_gmt":"2018-01-29T21:01:01","guid":{"rendered":"http:\/\/claudiamendizabal.com\/?page_id=197"},"modified":"2025-09-26T21:03:11","modified_gmt":"2025-09-26T19:03:11","slug":"quien-soy","status":"publish","type":"page","link":"https:\/\/claudiamendizabal.com\/index.php\/quien-soy\/","title":{"rendered":"Qui\u00e9n soy"},"content":{"rendered":"\t\t<div data-elementor-type=\"wp-page\" data-elementor-id=\"197\" class=\"elementor elementor-197\">\n\t\t\t\t\t\t<section class=\"elementor-section elementor-top-section elementor-element elementor-element-e9de271 elementor-section-boxed elementor-section-height-default elementor-section-height-default wpr-particle-no wpr-jarallax-no wpr-parallax-no wpr-sticky-section-no\" data-id=\"e9de271\" data-element_type=\"section\" data-e-type=\"section\" data-settings=\"{&quot;background_background&quot;:&quot;classic&quot;,&quot;shape_divider_bottom&quot;:&quot;waves&quot;}\">\n\t\t\t\t\t<div class=\"elementor-shape elementor-shape-bottom\" aria-hidden=\"true\" data-negative=\"false\">\n\t\t\t<svg xmlns=\"http:\/\/www.w3.org\/2000\/svg\" viewBox=\"0 0 1000 100\" preserveAspectRatio=\"none\">\n\t<path class=\"elementor-shape-fill\" d=\"M421.9,6.5c22.6-2.5,51.5,0.4,75.5,5.3c23.6,4.9,70.9,23.5,100.5,35.7c75.8,32.2,133.7,44.5,192.6,49.7\n\tc23.6,2.1,48.7,3.5,103.4-2.5c54.7-6,106.2-25.6,106.2-25.6V0H0v30.3c0,0,72,32.6,158.4,30.5c39.2-0.7,92.8-6.7,134-22.4\n\tc21.2-8.1,52.2-18.2,79.7-24.2C399.3,7.9,411.6,7.5,421.9,6.5z\"\/>\n<\/svg>\t\t<\/div>\n\t\t\t\t\t<div class=\"elementor-container elementor-column-gap-default\">\n\t\t\t\t\t<div class=\"elementor-column elementor-col-100 elementor-top-column elementor-element elementor-element-0301c19\" data-id=\"0301c19\" data-element_type=\"column\" data-e-type=\"column\">\n\t\t\t<div class=\"elementor-widget-wrap elementor-element-populated\">\n\t\t\t\t\t\t<div class=\"elementor-element elementor-element-3c00020 elementor-widget elementor-widget-text-editor\" data-id=\"3c00020\" data-element_type=\"widget\" data-e-type=\"widget\" data-widget_type=\"text-editor.default\">\n\t\t\t\t<div class=\"elementor-widget-container\">\n\t\t\t\t\t\t\t\t\t<p>Escribo, bailo, y en ese cruce voy encontrando mi voz.<\/p>\t\t\t\t\t\t\t\t<\/div>\n\t\t\t\t<\/div>\n\t\t\t\t<div class=\"elementor-element elementor-element-7d59ca2 elementor-widget elementor-widget-heading\" data-id=\"7d59ca2\" data-element_type=\"widget\" data-e-type=\"widget\" data-widget_type=\"heading.default\">\n\t\t\t\t<div class=\"elementor-widget-container\">\n\t\t\t\t\t<h1 class=\"elementor-heading-title elementor-size-default\">Qui\u00e9n soy<\/h1>\t\t\t\t<\/div>\n\t\t\t\t<\/div>\n\t\t\t\t\t<\/div>\n\t\t<\/div>\n\t\t\t\t\t<\/div>\n\t\t<\/section>\n\t\t\t\t<section class=\"elementor-section elementor-top-section elementor-element elementor-element-62049b74 elementor-section-boxed elementor-section-height-default elementor-section-height-default wpr-particle-no wpr-jarallax-no wpr-parallax-no wpr-sticky-section-no\" data-id=\"62049b74\" data-element_type=\"section\" data-e-type=\"section\">\n\t\t\t\t\t\t<div class=\"elementor-container elementor-column-gap-default\">\n\t\t\t\t\t<div class=\"elementor-column elementor-col-100 elementor-top-column elementor-element elementor-element-6047cb40\" data-id=\"6047cb40\" data-element_type=\"column\" data-e-type=\"column\">\n\t\t\t<div class=\"elementor-widget-wrap elementor-element-populated\">\n\t\t\t\t\t\t<div class=\"elementor-element elementor-element-41dadb82 elementor-widget elementor-widget-text-editor\" data-id=\"41dadb82\" data-element_type=\"widget\" data-e-type=\"widget\" data-widget_type=\"text-editor.default\">\n\t\t\t\t<div class=\"elementor-widget-container\">\n\t\t\t\t\t\t\t\t\t<p style=\"font-weight: 400;\">Me llamo<span style=\"font-weight: 600;\"> Claudia Mendiz\u00e1bal<\/span>. Escribo, bailo, y en ese cruce voy encontrando mi voz.<\/p><p style=\"font-weight: 400;\">Vengo de la <span style=\"font-weight: 600;\">danza y del teatro f\u00edsico<\/span>. Soy bailarina y actriz. Estudi\u00e9 <span style=\"font-weight: 600;\">Comunicaci\u00f3n<\/span> y trabaj\u00e9 en producci\u00f3n audiovisual. Me form\u00e9 como <span style=\"font-weight: 600;\">profesora de yoga y pilates<\/span>, y durante a\u00f1os transmit\u00ed esas pr\u00e1cticas. Tambi\u00e9n medito y cultivo la <span style=\"font-weight: 600;\">plena consciencia<\/span>, una pr\u00e1ctica que atraviesa mi manera de estar en el cuerpo y en la vida.<\/p><p style=\"font-weight: 400;\"><span style=\"font-weight: 600;\">La escritura ha estado ah\u00ed desde el principio.<\/span>\u00a0Me permite comprender el mundo y comprenderme. Empec\u00e9 mi blog sin m\u00e1s pretensi\u00f3n que la del placer de escribir, de crear universos y habitar el mundo a trav\u00e9s de la palabra. Y, sin buscarlo, termin\u00e9 escribiendo <a href=\"https:\/\/claudiamendizabal.com\/index.php\/escritura\/#obra-destacada\"><span style=\"font-weight: 600;\">mi primera novela<\/span><\/a>, publicada en 2023.<\/p>\t\t\t\t\t\t\t\t<\/div>\n\t\t\t\t<\/div>\n\t\t\t\t\t<\/div>\n\t\t<\/div>\n\t\t\t\t\t<\/div>\n\t\t<\/section>\n\t\t\t\t<section class=\"elementor-section elementor-top-section elementor-element elementor-element-0401b03 elementor-section-boxed elementor-section-height-default elementor-section-height-default wpr-particle-no wpr-jarallax-no wpr-parallax-no wpr-sticky-section-no\" data-id=\"0401b03\" data-element_type=\"section\" data-e-type=\"section\">\n\t\t\t\t\t\t<div class=\"elementor-container elementor-column-gap-default\">\n\t\t\t\t\t<div class=\"elementor-column elementor-col-100 elementor-top-column elementor-element elementor-element-dd42af8\" data-id=\"dd42af8\" data-element_type=\"column\" data-e-type=\"column\">\n\t\t\t<div class=\"elementor-widget-wrap elementor-element-populated\">\n\t\t\t\t\t\t<div class=\"elementor-element elementor-element-0ede213 elementor-widget elementor-widget-image\" data-id=\"0ede213\" data-element_type=\"widget\" data-e-type=\"widget\" data-widget_type=\"image.default\">\n\t\t\t\t<div class=\"elementor-widget-container\">\n\t\t\t\t\t\t\t\t\t\t\t\t\t\t\t<img fetchpriority=\"high\" decoding=\"async\" width=\"700\" height=\"525\" src=\"https:\/\/claudiamendizabal.com\/wp-content\/uploads\/2025\/09\/Qui-suis-je-1-700x525.jpg\" class=\"attachment-large size-large wp-image-6473\" alt=\"Claudia Mendiz\u00e1bal sentada en un balc\u00f3n con libreta sobre la mesa, mirada serena hacia la c\u00e1mara.\" srcset=\"https:\/\/claudiamendizabal.com\/wp-content\/uploads\/2025\/09\/Qui-suis-je-1-700x525.jpg 700w, https:\/\/claudiamendizabal.com\/wp-content\/uploads\/2025\/09\/Qui-suis-je-1-300x225.jpg 300w, https:\/\/claudiamendizabal.com\/wp-content\/uploads\/2025\/09\/Qui-suis-je-1-768x576.jpg 768w, https:\/\/claudiamendizabal.com\/wp-content\/uploads\/2025\/09\/Qui-suis-je-1-1536x1152.jpg 1536w, https:\/\/claudiamendizabal.com\/wp-content\/uploads\/2025\/09\/Qui-suis-je-1-1140x855.jpg 1140w, https:\/\/claudiamendizabal.com\/wp-content\/uploads\/2025\/09\/Qui-suis-je-1.jpg 2000w\" sizes=\"(max-width: 700px) 100vw, 700px\" \/>\t\t\t\t\t\t\t\t\t\t\t\t\t\t\t<\/div>\n\t\t\t\t<\/div>\n\t\t\t\t\t<\/div>\n\t\t<\/div>\n\t\t\t\t\t<\/div>\n\t\t<\/section>\n\t\t\t\t<section class=\"elementor-section elementor-top-section elementor-element elementor-element-21d9f84 elementor-section-boxed elementor-section-height-default elementor-section-height-default wpr-particle-no wpr-jarallax-no wpr-parallax-no wpr-sticky-section-no\" data-id=\"21d9f84\" data-element_type=\"section\" data-e-type=\"section\">\n\t\t\t\t\t\t<div class=\"elementor-container elementor-column-gap-default\">\n\t\t\t\t\t<div class=\"elementor-column elementor-col-100 elementor-top-column elementor-element elementor-element-b77bfac\" data-id=\"b77bfac\" data-element_type=\"column\" data-e-type=\"column\">\n\t\t\t<div class=\"elementor-widget-wrap elementor-element-populated\">\n\t\t\t\t\t\t<div class=\"elementor-element elementor-element-14cfe42 elementor-widget elementor-widget-text-editor\" data-id=\"14cfe42\" data-element_type=\"widget\" data-e-type=\"widget\" data-widget_type=\"text-editor.default\">\n\t\t\t\t<div class=\"elementor-widget-container\">\n\t\t\t\t\t\t\t\t\t<p style=\"font-weight: 400;\">Hoy, despu\u00e9s de mucho andar por caminos paralelos, integro lo que antes parec\u00eda separado.\u00a0<span style=\"font-weight: 600;\">Escritura y movimiento\u00a0no es solo un lema, es mi manera de habitar el mundo, de crear y de acompa\u00f1ar.<\/span><\/p>\n<p style=\"font-weight: 400;\">No doy clases de t\u00e9cnica. Me interesa <span style=\"font-weight: 600;\">el movimiento como v\u00eda de acceso al cuerpo<\/span>, a las sensaciones, a la creatividad. Como forma de <span style=\"font-weight: 600;\">volver a lo que est\u00e1 vivo<\/span>, de estar presente, de liberar lo que est\u00e1 contenido y dejar que surjan las palabras. Lo llamo la<span style=\"font-weight: 600;\">\u00a0<a href=\"https:\/\/claudiamendizabal.com\/index.php\/movimiento\/#danza-del-instante\">danza del instante<\/a>.<\/span><\/p>\t\t\t\t\t\t\t\t<\/div>\n\t\t\t\t<\/div>\n\t\t\t\t\t<\/div>\n\t\t<\/div>\n\t\t\t\t\t<\/div>\n\t\t<\/section>\n\t\t\t\t<section class=\"elementor-section elementor-top-section elementor-element elementor-element-1c9108b elementor-section-boxed elementor-section-height-default elementor-section-height-default wpr-particle-no wpr-jarallax-no wpr-parallax-no wpr-sticky-section-no\" data-id=\"1c9108b\" data-element_type=\"section\" data-e-type=\"section\">\n\t\t\t\t\t\t<div class=\"elementor-container elementor-column-gap-default\">\n\t\t\t\t\t<div class=\"elementor-column elementor-col-100 elementor-top-column elementor-element elementor-element-3998edb\" data-id=\"3998edb\" data-element_type=\"column\" data-e-type=\"column\">\n\t\t\t<div class=\"elementor-widget-wrap elementor-element-populated\">\n\t\t\t\t\t\t<div class=\"elementor-element elementor-element-308fdc5 elementor-widget elementor-widget-text-editor\" data-id=\"308fdc5\" data-element_type=\"widget\" data-e-type=\"widget\" data-widget_type=\"text-editor.default\">\n\t\t\t\t<div class=\"elementor-widget-container\">\n\t\t\t\t\t\t\t\t\t<em><span lang=\"ES\"><span style=\"font-family: Georgia, 'Times New Roman', serif; font-size: 3.5rem; line-height: 0.6; color: #92bb4b; vertical-align: top; margin-right: 6px; display: inline-block;\">\u201c<\/span>Prefiero el gesto que atraviesa todo: soy una mujer que escribe, que se mueve, que busca habitar el mundo con autenticidad y ligereza.&rdquo;<\/span><\/em>\t\t\t\t\t\t\t\t<\/div>\n\t\t\t\t<\/div>\n\t\t\t\t\t<\/div>\n\t\t<\/div>\n\t\t\t\t\t<\/div>\n\t\t<\/section>\n\t\t\t\t<section class=\"elementor-section elementor-top-section elementor-element elementor-element-671aa09 elementor-section-boxed elementor-section-height-default elementor-section-height-default wpr-particle-no wpr-jarallax-no wpr-parallax-no wpr-sticky-section-no\" data-id=\"671aa09\" data-element_type=\"section\" data-e-type=\"section\">\n\t\t\t\t\t\t<div class=\"elementor-container elementor-column-gap-default\">\n\t\t\t\t\t<div class=\"elementor-column elementor-col-100 elementor-top-column elementor-element elementor-element-c3fc5bb\" data-id=\"c3fc5bb\" data-element_type=\"column\" data-e-type=\"column\">\n\t\t\t<div class=\"elementor-widget-wrap elementor-element-populated\">\n\t\t\t\t\t\t<div class=\"elementor-element elementor-element-d8f7789 elementor-widget elementor-widget-text-editor\" data-id=\"d8f7789\" data-element_type=\"widget\" data-e-type=\"widget\" data-widget_type=\"text-editor.default\">\n\t\t\t\t<div class=\"elementor-widget-container\">\n\t\t\t\t\t\t\t\t\t<p style=\"font-weight: 400;\">No me defino como escritora, ni como bailarina, ni como profesora de movimiento.\u00a0<span style=\"font-weight: 600;\">Prefiero el gesto que atraviesa todo<\/span>: soy una mujer que escribe, que se mueve, que busca habitar el mundo con autenticidad y ligereza. Y me gusta compartir esa b\u00fasqueda.<\/p><p style=\"font-weight: 400;\">Escribo sola y en grupo. A veces propongo talleres o residencias donde\u00a0<span style=\"font-weight: 600;\">el cuerpo es la entrada y la escritura, el cauce<\/span>. Tambi\u00e9n trabajo con personas que no se dedican al arte, pero sienten el deseo de expresarse o necesitan volver a sentir confianza y fluidez.<\/p>\t\t\t\t\t\t\t\t<\/div>\n\t\t\t\t<\/div>\n\t\t\t\t\t<\/div>\n\t\t<\/div>\n\t\t\t\t\t<\/div>\n\t\t<\/section>\n\t\t\t\t<section class=\"elementor-section elementor-top-section elementor-element elementor-element-eaf76b7 elementor-section-boxed elementor-section-height-default elementor-section-height-default wpr-particle-no wpr-jarallax-no wpr-parallax-no wpr-sticky-section-no\" data-id=\"eaf76b7\" data-element_type=\"section\" data-e-type=\"section\">\n\t\t\t\t\t\t<div class=\"elementor-container elementor-column-gap-default\">\n\t\t\t\t\t<div class=\"elementor-column elementor-col-100 elementor-top-column elementor-element elementor-element-824732d\" data-id=\"824732d\" data-element_type=\"column\" data-e-type=\"column\">\n\t\t\t<div class=\"elementor-widget-wrap elementor-element-populated\">\n\t\t\t\t\t\t<div class=\"elementor-element elementor-element-2f96de2 elementor-widget elementor-widget-image\" data-id=\"2f96de2\" data-element_type=\"widget\" data-e-type=\"widget\" data-widget_type=\"image.default\">\n\t\t\t\t<div class=\"elementor-widget-container\">\n\t\t\t\t\t\t\t\t\t\t\t\t\t\t\t<img decoding=\"async\" width=\"700\" height=\"467\" src=\"https:\/\/claudiamendizabal.com\/wp-content\/uploads\/2025\/09\/Qui-suis-je-2-700x467.jpg\" class=\"attachment-large size-large wp-image-6453\" alt=\"Luz de ventanales; escritora sentada en el suelo con computadora y cuaderno.\" srcset=\"https:\/\/claudiamendizabal.com\/wp-content\/uploads\/2025\/09\/Qui-suis-je-2-700x467.jpg 700w, https:\/\/claudiamendizabal.com\/wp-content\/uploads\/2025\/09\/Qui-suis-je-2-300x200.jpg 300w, https:\/\/claudiamendizabal.com\/wp-content\/uploads\/2025\/09\/Qui-suis-je-2-768x512.jpg 768w, https:\/\/claudiamendizabal.com\/wp-content\/uploads\/2025\/09\/Qui-suis-je-2-1536x1024.jpg 1536w, https:\/\/claudiamendizabal.com\/wp-content\/uploads\/2025\/09\/Qui-suis-je-2-1140x760.jpg 1140w, https:\/\/claudiamendizabal.com\/wp-content\/uploads\/2025\/09\/Qui-suis-je-2.jpg 2000w\" sizes=\"(max-width: 700px) 100vw, 700px\" \/>\t\t\t\t\t\t\t\t\t\t\t\t\t\t\t<\/div>\n\t\t\t\t<\/div>\n\t\t\t\t\t<\/div>\n\t\t<\/div>\n\t\t\t\t\t<\/div>\n\t\t<\/section>\n\t\t\t\t<section class=\"elementor-section elementor-top-section elementor-element elementor-element-7b2144e elementor-section-boxed elementor-section-height-default elementor-section-height-default wpr-particle-no wpr-jarallax-no wpr-parallax-no wpr-sticky-section-no\" data-id=\"7b2144e\" data-element_type=\"section\" data-e-type=\"section\">\n\t\t\t\t\t\t<div class=\"elementor-container elementor-column-gap-default\">\n\t\t\t\t\t<div class=\"elementor-column elementor-col-100 elementor-top-column elementor-element elementor-element-4656bd9\" data-id=\"4656bd9\" data-element_type=\"column\" data-e-type=\"column\">\n\t\t\t<div class=\"elementor-widget-wrap elementor-element-populated\">\n\t\t\t\t\t\t<div class=\"elementor-element elementor-element-9fc783e elementor-widget elementor-widget-text-editor\" data-id=\"9fc783e\" data-element_type=\"widget\" data-e-type=\"widget\" data-widget_type=\"text-editor.default\">\n\t\t\t\t<div class=\"elementor-widget-container\">\n\t\t\t\t\t\t\t\t\t<p style=\"font-style: italic; font-size: 1.1em; text-align: center; margin-top: 2em;\">Este sitio es una ventana a mi trabajo, pero tambi\u00e9n a mi proceso. Aqu\u00ed comparto textos, fotos, videos, entretelones de la creaci\u00f3n. <br \/>Gracias por leer.<br \/>Si algo de esto resuena contigo, <span style=\"font-weight: 500;\">te invito a seguir explorando este espacio.<\/span><\/p>\t\t\t\t\t\t\t\t<\/div>\n\t\t\t\t<\/div>\n\t\t\t\t\t<\/div>\n\t\t<\/div>\n\t\t\t\t\t<\/div>\n\t\t<\/section>\n\t\t\t\t<section class=\"elementor-section elementor-top-section elementor-element elementor-element-a948170 elementor-section-boxed elementor-section-height-default elementor-section-height-default wpr-particle-no wpr-jarallax-no wpr-parallax-no wpr-sticky-section-no\" data-id=\"a948170\" data-element_type=\"section\" data-e-type=\"section\">\n\t\t\t\t\t\t<div class=\"elementor-container elementor-column-gap-default\">\n\t\t\t\t\t<div class=\"elementor-column elementor-col-100 elementor-top-column elementor-element elementor-element-60cecb4\" data-id=\"60cecb4\" data-element_type=\"column\" data-e-type=\"column\">\n\t\t\t<div class=\"elementor-widget-wrap elementor-element-populated\">\n\t\t\t\t\t\t<section class=\"elementor-section elementor-inner-section elementor-element elementor-element-1d59deb elementor-section-boxed elementor-section-height-default elementor-section-height-default wpr-particle-no wpr-jarallax-no wpr-parallax-no wpr-sticky-section-no\" data-id=\"1d59deb\" data-element_type=\"section\" data-e-type=\"section\">\n\t\t\t\t\t\t<div class=\"elementor-container elementor-column-gap-default\">\n\t\t\t\t\t<div class=\"elementor-column elementor-col-50 elementor-inner-column elementor-element elementor-element-6df72fc\" data-id=\"6df72fc\" data-element_type=\"column\" data-e-type=\"column\">\n\t\t\t<div class=\"elementor-widget-wrap elementor-element-populated\">\n\t\t\t\t\t\t<div class=\"elementor-element elementor-element-2b82d75 elementor-align-center elementor-widget elementor-widget-button\" data-id=\"2b82d75\" data-element_type=\"widget\" data-e-type=\"widget\" data-widget_type=\"button.default\">\n\t\t\t\t<div class=\"elementor-widget-container\">\n\t\t\t\t\t\t\t\t\t<div class=\"elementor-button-wrapper\">\n\t\t\t\t\t<a class=\"elementor-button elementor-button-link elementor-size-sm\" href=\"https:\/\/claudiamendizabal.com\/index.php\/mi-blog\/\">\n\t\t\t\t\t\t<span class=\"elementor-button-content-wrapper\">\n\t\t\t\t\t\t\t\t\t<span class=\"elementor-button-text\">EXPLORA EL BLOG<\/span>\n\t\t\t\t\t<\/span>\n\t\t\t\t\t<\/a>\n\t\t\t\t<\/div>\n\t\t\t\t\t\t\t\t<\/div>\n\t\t\t\t<\/div>\n\t\t\t\t\t<\/div>\n\t\t<\/div>\n\t\t\t\t<div class=\"elementor-column elementor-col-50 elementor-inner-column elementor-element elementor-element-e84ec19\" data-id=\"e84ec19\" data-element_type=\"column\" data-e-type=\"column\">\n\t\t\t<div class=\"elementor-widget-wrap elementor-element-populated\">\n\t\t\t\t\t\t<div class=\"elementor-element elementor-element-bd9086f elementor-align-center elementor-widget elementor-widget-button\" data-id=\"bd9086f\" data-element_type=\"widget\" data-e-type=\"widget\" data-widget_type=\"button.default\">\n\t\t\t\t<div class=\"elementor-widget-container\">\n\t\t\t\t\t\t\t\t\t<div class=\"elementor-button-wrapper\">\n\t\t\t\t\t<a class=\"elementor-button elementor-button-link elementor-size-sm\" href=\"https:\/\/claudiamendizabal.com\/index.php\/contacto\/\">\n\t\t\t\t\t\t<span class=\"elementor-button-content-wrapper\">\n\t\t\t\t\t\t\t\t\t<span class=\"elementor-button-text\">ESCR\u00cdBEME<\/span>\n\t\t\t\t\t<\/span>\n\t\t\t\t\t<\/a>\n\t\t\t\t<\/div>\n\t\t\t\t\t\t\t\t<\/div>\n\t\t\t\t<\/div>\n\t\t\t\t\t<\/div>\n\t\t<\/div>\n\t\t\t\t\t<\/div>\n\t\t<\/section>\n\t\t\t\t\t<\/div>\n\t\t<\/div>\n\t\t\t\t\t<\/div>\n\t\t<\/section>\n\t\t\t\t<section class=\"elementor-section elementor-top-section elementor-element elementor-element-77c9b1c elementor-section-boxed elementor-section-height-default elementor-section-height-default wpr-particle-no wpr-jarallax-no wpr-parallax-no wpr-sticky-section-no\" data-id=\"77c9b1c\" data-element_type=\"section\" data-e-type=\"section\" data-settings=\"{&quot;background_background&quot;:&quot;classic&quot;,&quot;shape_divider_top&quot;:&quot;waves&quot;}\">\n\t\t\t\t\t<div class=\"elementor-shape elementor-shape-top\" aria-hidden=\"true\" data-negative=\"false\">\n\t\t\t<svg xmlns=\"http:\/\/www.w3.org\/2000\/svg\" viewBox=\"0 0 1000 100\" preserveAspectRatio=\"none\">\n\t<path class=\"elementor-shape-fill\" d=\"M421.9,6.5c22.6-2.5,51.5,0.4,75.5,5.3c23.6,4.9,70.9,23.5,100.5,35.7c75.8,32.2,133.7,44.5,192.6,49.7\n\tc23.6,2.1,48.7,3.5,103.4-2.5c54.7-6,106.2-25.6,106.2-25.6V0H0v30.3c0,0,72,32.6,158.4,30.5c39.2-0.7,92.8-6.7,134-22.4\n\tc21.2-8.1,52.2-18.2,79.7-24.2C399.3,7.9,411.6,7.5,421.9,6.5z\"\/>\n<\/svg>\t\t<\/div>\n\t\t\t\t\t<div class=\"elementor-container elementor-column-gap-default\">\n\t\t\t\t\t<div class=\"elementor-column elementor-col-100 elementor-top-column elementor-element elementor-element-e79d3ad\" data-id=\"e79d3ad\" data-element_type=\"column\" data-e-type=\"column\">\n\t\t\t<div class=\"elementor-widget-wrap elementor-element-populated\">\n\t\t\t\t\t\t\t<\/div>\n\t\t<\/div>\n\t\t\t\t\t<\/div>\n\t\t<\/section>\n\t\t\t\t<\/div>\n\t\t","protected":false},"excerpt":{"rendered":"<p>Escribo, bailo, y en ese cruce voy encontrando mi voz. Qui\u00e9n soy Me llamo Claudia Mendiz\u00e1bal. Escribo, bailo, y en ese cruce voy encontrando mi voz. Vengo de la danza y del teatro f\u00edsico. Soy bailarina y actriz. Estudi\u00e9 Comunicaci\u00f3n y trabaj\u00e9 en producci\u00f3n audiovisual. Me form\u00e9 como profesora de yoga y pilates, y durante a\u00f1os transmit\u00ed esas pr\u00e1cticas. Tambi\u00e9n medito y cultivo la plena consciencia, una pr\u00e1ctica que atraviesa mi manera de estar en el cuerpo y en la vida. La escritura ha estado ah\u00ed desde el principio.\u00a0Me permite comprender el mundo y comprenderme. Empec\u00e9 mi blog sin m\u00e1s pretensi\u00f3n que la del placer de escribir, de crear universos y habitar el mundo a trav\u00e9s de la palabra. Y, sin buscarlo, termin\u00e9 escribiendo mi primera novela, publicada en 2023. Hoy, despu\u00e9s de mucho andar por caminos paralelos, integro lo que antes parec\u00eda separado.\u00a0Escritura y movimiento\u00a0no es solo un lema, es mi manera de habitar el mundo, de crear y de acompa\u00f1ar. No doy clases de t\u00e9cnica. Me interesa el movimiento como v\u00eda de acceso al cuerpo, a las sensaciones, a la creatividad. Como forma de volver a lo que est\u00e1 vivo, de estar presente, de liberar lo que est\u00e1 contenido y dejar que surjan las palabras. Lo llamo la\u00a0danza del instante. \u201cPrefiero el gesto que atraviesa todo: soy una mujer que escribe, que se mueve, que busca habitar el mundo con autenticidad y ligereza.&rdquo; No me defino como escritora, ni como bailarina, ni como profesora de movimiento.\u00a0Prefiero el gesto que atraviesa todo: soy una mujer que escribe, que se mueve, que busca habitar el mundo con autenticidad y ligereza. Y me gusta compartir esa b\u00fasqueda. Escribo sola y en grupo. A veces propongo talleres o residencias donde\u00a0el cuerpo es la entrada y la escritura, el cauce. Tambi\u00e9n trabajo con personas que no se dedican al arte, pero sienten el deseo de expresarse o necesitan volver a sentir confianza y fluidez. Este sitio es una ventana a mi trabajo, pero tambi\u00e9n a mi proceso. Aqu\u00ed comparto textos, fotos, videos, entretelones de la creaci\u00f3n. Gracias por leer.Si algo de esto resuena contigo, te invito a seguir explorando este espacio. EXPLORA EL BLOG ESCR\u00cdBEME<\/p>\n","protected":false},"author":1,"featured_media":6291,"parent":0,"menu_order":0,"comment_status":"closed","ping_status":"closed","template":"elementor_header_footer","meta":{"advanced_seo_description":"","jetpack_seo_html_title":"","jetpack_seo_noindex":false,"jetpack_post_was_ever_published":false,"footnotes":""},"class_list":["post-197","page","type-page","status-publish","has-post-thumbnail","hentry"],"jetpack_sharing_enabled":true,"jetpack_likes_enabled":true,"jetpack_shortlink":"https:\/\/wp.me\/P9CIpq-3b","_links":{"self":[{"href":"https:\/\/claudiamendizabal.com\/index.php\/wp-json\/wp\/v2\/pages\/197","targetHints":{"allow":["GET"]}}],"collection":[{"href":"https:\/\/claudiamendizabal.com\/index.php\/wp-json\/wp\/v2\/pages"}],"about":[{"href":"https:\/\/claudiamendizabal.com\/index.php\/wp-json\/wp\/v2\/types\/page"}],"author":[{"embeddable":true,"href":"https:\/\/claudiamendizabal.com\/index.php\/wp-json\/wp\/v2\/users\/1"}],"replies":[{"embeddable":true,"href":"https:\/\/claudiamendizabal.com\/index.php\/wp-json\/wp\/v2\/comments?post=197"}],"version-history":[{"count":347,"href":"https:\/\/claudiamendizabal.com\/index.php\/wp-json\/wp\/v2\/pages\/197\/revisions"}],"predecessor-version":[{"id":6476,"href":"https:\/\/claudiamendizabal.com\/index.php\/wp-json\/wp\/v2\/pages\/197\/revisions\/6476"}],"wp:featuredmedia":[{"embeddable":true,"href":"https:\/\/claudiamendizabal.com\/index.php\/wp-json\/wp\/v2\/media\/6291"}],"wp:attachment":[{"href":"https:\/\/claudiamendizabal.com\/index.php\/wp-json\/wp\/v2\/media?parent=197"}],"curies":[{"name":"wp","href":"https:\/\/api.w.org\/{rel}","templated":true}]}}