{"id":5036,"date":"2025-08-20T15:16:25","date_gmt":"2025-08-20T13:16:25","guid":{"rendered":"https:\/\/claudiamendizabal.com\/?page_id=5036"},"modified":"2025-09-26T22:54:11","modified_gmt":"2025-09-26T20:54:11","slug":"accueil","status":"publish","type":"page","link":"https:\/\/claudiamendizabal.com\/index.php\/fr\/accueil\/","title":{"rendered":"Accueil"},"content":{"rendered":"\t\t<div data-elementor-type=\"wp-page\" data-elementor-id=\"5036\" class=\"elementor elementor-5036\">\n\t\t\t\t\t\t<section class=\"elementor-section elementor-top-section elementor-element elementor-element-c644dab elementor-section-boxed elementor-section-height-default elementor-section-height-default wpr-particle-no wpr-jarallax-no wpr-parallax-no wpr-sticky-section-no wpr-equal-height-no\" data-id=\"c644dab\" data-element_type=\"section\" data-e-type=\"section\">\n\t\t\t\t\t\t<div class=\"elementor-container elementor-column-gap-default\">\n\t\t\t\t\t<div class=\"elementor-column elementor-col-100 elementor-top-column elementor-element elementor-element-2b3f615\" data-id=\"2b3f615\" data-element_type=\"column\" data-e-type=\"column\">\n\t\t\t<div class=\"elementor-widget-wrap elementor-element-populated\">\n\t\t\t\t\t\t<div class=\"elementor-element elementor-element-14499fa elementor-widget elementor-widget-html\" data-id=\"14499fa\" data-element_type=\"widget\" data-e-type=\"widget\" data-widget_type=\"html.default\">\n\t\t\t\t<div class=\"elementor-widget-container\">\n\t\t\t\t\t<div class=\"cm-featured\">\n  <a class=\"cm-tile\" href=\"https:\/\/claudiamendizabal.com\/index.php\/fr\/ecriture\/\">\n    <img decoding=\"async\" src=\"https:\/\/claudiamendizabal.com\/wp-content\/uploads\/2025\/09\/cropped-Enlace-destacado-Escritura.jpg\">\n    <span class=\"cm-label\">\u00c9CRITURE<\/span>\n  <\/a>\n\n  <a class=\"cm-tile\" href=\"https:\/\/claudiamendizabal.com\/index.php\/fr\/ecriture\/#premier-roman\">\n    <img decoding=\"async\" src=\"https:\/\/claudiamendizabal.com\/wp-content\/uploads\/2025\/09\/cropped-Enlace-destacado-Obra-destacada-1.jpg\">\n    <span class=\"cm-label\">\u0152UVRE MISE EN LUMI\u00c8RE<\/span>\n  <\/a>\n\n  <a class=\"cm-tile\" href=\"https:\/\/claudiamendizabal.com\/index.php\/fr\/mouvement\/\">\n    <img decoding=\"async\" src=\"https:\/\/claudiamendizabal.com\/wp-content\/uploads\/2025\/09\/cropped-Enlace-destacado-Movimiento.jpg\">\n    <span class=\"cm-label\">MOUVEMENT<\/span>\n  <\/a>\n<\/div>\n\n\n\t\t\t\t<\/div>\n\t\t\t\t<\/div>\n\t\t\t\t\t<\/div>\n\t\t<\/div>\n\t\t\t\t\t<\/div>\n\t\t<\/section>\n\t\t\t\t<section class=\"elementor-section elementor-top-section elementor-element elementor-element-3f1e7218 elementor-section-boxed elementor-section-height-default elementor-section-height-default wpr-particle-no wpr-jarallax-no wpr-parallax-no wpr-sticky-section-no wpr-equal-height-no\" data-id=\"3f1e7218\" data-element_type=\"section\" data-e-type=\"section\" data-settings=\"{&quot;background_background&quot;:&quot;classic&quot;,&quot;shape_divider_bottom&quot;:&quot;waves&quot;}\">\n\t\t\t\t\t<div class=\"elementor-shape elementor-shape-bottom\" aria-hidden=\"true\" data-negative=\"false\">\n\t\t\t<svg xmlns=\"http:\/\/www.w3.org\/2000\/svg\" viewBox=\"0 0 1000 100\" preserveAspectRatio=\"none\">\n\t<path class=\"elementor-shape-fill\" d=\"M421.9,6.5c22.6-2.5,51.5,0.4,75.5,5.3c23.6,4.9,70.9,23.5,100.5,35.7c75.8,32.2,133.7,44.5,192.6,49.7\n\tc23.6,2.1,48.7,3.5,103.4-2.5c54.7-6,106.2-25.6,106.2-25.6V0H0v30.3c0,0,72,32.6,158.4,30.5c39.2-0.7,92.8-6.7,134-22.4\n\tc21.2-8.1,52.2-18.2,79.7-24.2C399.3,7.9,411.6,7.5,421.9,6.5z\"\/>\n<\/svg>\t\t<\/div>\n\t\t\t\t\t<div class=\"elementor-container elementor-column-gap-default\">\n\t\t\t\t\t<div class=\"elementor-column elementor-col-100 elementor-top-column elementor-element elementor-element-e6175a7\" data-id=\"e6175a7\" data-element_type=\"column\" data-e-type=\"column\">\n\t\t\t<div class=\"elementor-widget-wrap elementor-element-populated\">\n\t\t\t\t\t\t<div class=\"elementor-element elementor-element-6c55ca33 elementor-widget elementor-widget-text-editor\" data-id=\"6c55ca33\" data-element_type=\"widget\" data-e-type=\"widget\" data-widget_type=\"text-editor.default\">\n\t\t\t\t<div class=\"elementor-widget-container\">\n\t\t\t\t\t\t\t\t\t<div>\u00c9criture et mouvement : ma mani\u00e8re d\u2019habiter le monde.<\/div>\t\t\t\t\t\t\t\t<\/div>\n\t\t\t\t<\/div>\n\t\t\t\t\t<\/div>\n\t\t<\/div>\n\t\t\t\t\t<\/div>\n\t\t<\/section>\n\t\t\t\t<section class=\"elementor-section elementor-top-section elementor-element elementor-element-f881f64 elementor-section-boxed elementor-section-height-default elementor-section-height-default wpr-particle-no wpr-jarallax-no wpr-parallax-no wpr-sticky-section-no wpr-equal-height-no\" data-id=\"f881f64\" data-element_type=\"section\" data-e-type=\"section\" data-settings=\"{&quot;background_background&quot;:&quot;classic&quot;,&quot;shape_divider_top&quot;:&quot;waves&quot;,&quot;shape_divider_top_negative&quot;:&quot;yes&quot;,&quot;shape_divider_bottom&quot;:&quot;waves&quot;}\">\n\t\t\t\t\t<div class=\"elementor-shape elementor-shape-top\" aria-hidden=\"true\" data-negative=\"true\">\n\t\t\t<svg xmlns=\"http:\/\/www.w3.org\/2000\/svg\" viewBox=\"0 0 1000 100\" preserveAspectRatio=\"none\">\n\t<path class=\"elementor-shape-fill\" d=\"M790.5,93.1c-59.3-5.3-116.8-18-192.6-50c-29.6-12.7-76.9-31-100.5-35.9c-23.6-4.9-52.6-7.8-75.5-5.3\n\tc-10.2,1.1-22.6,1.4-50.1,7.4c-27.2,6.3-58.2,16.6-79.4,24.7c-41.3,15.9-94.9,21.9-134,22.6C72,58.2,0,25.8,0,25.8V100h1000V65.3\n\tc0,0-51.5,19.4-106.2,25.7C839.5,97,814.1,95.2,790.5,93.1z\"\/>\n<\/svg>\t\t<\/div>\n\t\t\t\t<div class=\"elementor-shape elementor-shape-bottom\" aria-hidden=\"true\" data-negative=\"false\">\n\t\t\t<svg xmlns=\"http:\/\/www.w3.org\/2000\/svg\" viewBox=\"0 0 1000 100\" preserveAspectRatio=\"none\">\n\t<path class=\"elementor-shape-fill\" d=\"M421.9,6.5c22.6-2.5,51.5,0.4,75.5,5.3c23.6,4.9,70.9,23.5,100.5,35.7c75.8,32.2,133.7,44.5,192.6,49.7\n\tc23.6,2.1,48.7,3.5,103.4-2.5c54.7-6,106.2-25.6,106.2-25.6V0H0v30.3c0,0,72,32.6,158.4,30.5c39.2-0.7,92.8-6.7,134-22.4\n\tc21.2-8.1,52.2-18.2,79.7-24.2C399.3,7.9,411.6,7.5,421.9,6.5z\"\/>\n<\/svg>\t\t<\/div>\n\t\t\t\t\t<div class=\"elementor-container elementor-column-gap-default\">\n\t\t\t\t\t<div class=\"elementor-column elementor-col-100 elementor-top-column elementor-element elementor-element-812cd01\" data-id=\"812cd01\" data-element_type=\"column\" data-e-type=\"column\">\n\t\t\t<div class=\"elementor-widget-wrap elementor-element-populated\">\n\t\t\t\t\t\t<div class=\"elementor-element elementor-element-a4531bb elementor-widget elementor-widget-video\" data-id=\"a4531bb\" data-element_type=\"widget\" data-e-type=\"widget\" data-settings=\"{&quot;youtube_url&quot;:&quot;https:\\\/\\\/youtu.be\\\/n14-QYCBXm4&quot;,&quot;yt_privacy&quot;:&quot;yes&quot;,&quot;show_image_overlay&quot;:&quot;yes&quot;,&quot;image_overlay&quot;:{&quot;url&quot;:&quot;https:\\\/\\\/claudiamendizabal.com\\\/wp-content\\\/uploads\\\/2025\\\/09\\\/Imagen-superpuesta-FR.jpg&quot;,&quot;id&quot;:6481,&quot;size&quot;:&quot;&quot;,&quot;alt&quot;:&quot;Image superpos\\u00e9e : une femme en mouvement, les bras lev\\u00e9s, et son visage serein aux yeux ferm\\u00e9s, de la vid\\u00e9o Respirations du chemin.&quot;,&quot;source&quot;:&quot;library&quot;},&quot;video_type&quot;:&quot;youtube&quot;,&quot;controls&quot;:&quot;yes&quot;}\" data-widget_type=\"video.default\">\n\t\t\t\t<div class=\"elementor-widget-container\">\n\t\t\t\t\t\t\t<div class=\"elementor-wrapper elementor-open-inline\">\n\t\t\t<div class=\"elementor-video\"><\/div>\t\t\t\t<div class=\"elementor-custom-embed-image-overlay\" style=\"background-image: url(https:\/\/claudiamendizabal.com\/wp-content\/uploads\/2025\/09\/Imagen-superpuesta-FR.jpg);\">\n\t\t\t\t\t\t\t\t\t\t\t\t\t\t\t\t<div class=\"elementor-custom-embed-play\" role=\"button\" aria-label=\"Reproducir video acerca de Image superpos\u00e9e : une femme en mouvement, les bras lev\u00e9s, et son visage serein aux yeux ferm\u00e9s, de la vid\u00e9o Respirations du chemin.\" tabindex=\"0\">\n\t\t\t\t\t\t\t<i aria-hidden=\"true\" class=\"eicon-play\"><\/i>\t\t\t\t\t\t<\/div>\n\t\t\t\t\t\t\t\t\t<\/div>\n\t\t\t\t\t<\/div>\n\t\t\t\t\t\t<\/div>\n\t\t\t\t<\/div>\n\t\t\t\t\t<\/div>\n\t\t<\/div>\n\t\t\t\t\t<\/div>\n\t\t<\/section>\n\t\t\t\t<section class=\"elementor-section elementor-top-section elementor-element elementor-element-3f74a0e elementor-section-boxed elementor-section-height-default elementor-section-height-default wpr-particle-no wpr-jarallax-no wpr-parallax-no wpr-sticky-section-no wpr-equal-height-no\" data-id=\"3f74a0e\" data-element_type=\"section\" data-e-type=\"section\">\n\t\t\t\t\t\t<div class=\"elementor-container elementor-column-gap-default\">\n\t\t\t\t\t<div class=\"elementor-column elementor-col-100 elementor-top-column elementor-element elementor-element-f6b7a4e\" data-id=\"f6b7a4e\" data-element_type=\"column\" data-e-type=\"column\">\n\t\t\t<div class=\"elementor-widget-wrap elementor-element-populated\">\n\t\t\t\t\t\t<div class=\"elementor-element elementor-element-bb8d990 elementor-widget elementor-widget-heading\" data-id=\"bb8d990\" data-element_type=\"widget\" data-e-type=\"widget\" data-widget_type=\"heading.default\">\n\t\t\t\t<div class=\"elementor-widget-container\">\n\t\t\t\t\t<h2 class=\"elementor-heading-title elementor-size-default\">INSTANTS R\u00c9CENTS<\/h2>\t\t\t\t<\/div>\n\t\t\t\t<\/div>\n\t\t\t\t\t<\/div>\n\t\t<\/div>\n\t\t\t\t\t<\/div>\n\t\t<\/section>\n\t\t\t\t<section class=\"elementor-section elementor-top-section elementor-element elementor-element-25ea074 elementor-section-boxed elementor-section-height-default elementor-section-height-default wpr-particle-no wpr-jarallax-no wpr-parallax-no wpr-sticky-section-no wpr-equal-height-no\" data-id=\"25ea074\" data-element_type=\"section\" data-e-type=\"section\">\n\t\t\t\t\t\t<div class=\"elementor-container elementor-column-gap-default\">\n\t\t\t\t\t<div class=\"elementor-column elementor-col-100 elementor-top-column elementor-element elementor-element-656a79a\" data-id=\"656a79a\" data-element_type=\"column\" data-e-type=\"column\">\n\t\t\t<div class=\"elementor-widget-wrap elementor-element-populated\">\n\t\t\t\t\t\t<div class=\"elementor-element elementor-element-9946ec7 elementor-widget elementor-widget-shortcode\" data-id=\"9946ec7\" data-element_type=\"widget\" data-e-type=\"widget\" data-widget_type=\"shortcode.default\">\n\t\t\t\t<div class=\"elementor-widget-container\">\n\t\t\t\t\t\t\t<div class=\"elementor-shortcode\">  <div class=\"cm-grid\" data-cols=\"3\"\n       style=\"max-width:800px;margin:0 auto;\">\n          <article class=\"cm-card\">\n        <a href=\"https:\/\/claudiamendizabal.com\/index.php\/2025\/09\/13\/un-minuto\/\">\n          <div class=\"cm-thumbwrap\">\n                          <img decoding=\"async\" class=\"cm-thumb\" src=\"https:\/\/claudiamendizabal.com\/wp-content\/uploads\/2025\/09\/IMG_7272-768x512.jpeg\" alt=\"Un minuto\">\n                      <\/div>\n          <h3 class=\"cm-title\">Un minuto<\/h3>\n          <span class=\"cm-category\">15 min. de escritura con Claudia y Aude<\/span>        <\/a>\n      <\/article>\n          <article class=\"cm-card\">\n        <a href=\"https:\/\/claudiamendizabal.com\/index.php\/2025\/09\/11\/nuevo-ciclo\/\">\n          <div class=\"cm-thumbwrap\">\n                          <img decoding=\"async\" class=\"cm-thumb\" src=\"https:\/\/claudiamendizabal.com\/wp-content\/uploads\/2025\/09\/nuevo-ciclo-2-768x512.jpeg\" alt=\"Estreno de un nuevo ciclo en mi proyecto:\u00a0Escritura y Movimiento\">\n                      <\/div>\n          <h3 class=\"cm-title\">Estreno de un nuevo ciclo en mi proyecto:\u00a0Escritura y Movimiento<\/h3>\n          <span class=\"cm-category\">Novedades<\/span>        <\/a>\n      <\/article>\n          <article class=\"cm-card\">\n        <a href=\"https:\/\/claudiamendizabal.com\/index.php\/2025\/06\/16\/andamios-de-palabras\/\">\n          <div class=\"cm-thumbwrap\">\n                          <img decoding=\"async\" class=\"cm-thumb\" src=\"https:\/\/claudiamendizabal.com\/wp-content\/uploads\/2025\/06\/IMG_0114-768x576.jpeg\" alt=\"Andamios de palabras\">\n                      <\/div>\n          <h3 class=\"cm-title\">Andamios de palabras<\/h3>\n          <span class=\"cm-category\">Diario de escritura<\/span>        <\/a>\n      <\/article>\n          <article class=\"cm-card\">\n        <a href=\"https:\/\/claudiamendizabal.com\/index.php\/2025\/06\/09\/los-gritos-las-rejas-y-la-soledad\/\">\n          <div class=\"cm-thumbwrap\">\n                          <img decoding=\"async\" class=\"cm-thumb\" src=\"https:\/\/claudiamendizabal.com\/wp-content\/uploads\/2025\/06\/pexels-badun-17975072-768x512.jpg\" alt=\"Los gritos, las rejas y la soledad\">\n                      <\/div>\n          <h3 class=\"cm-title\">Los gritos, las rejas y la soledad<\/h3>\n          <span class=\"cm-category\">15 min. de escritura con Claudia y Aude<\/span>        <\/a>\n      <\/article>\n          <article class=\"cm-card\">\n        <a href=\"https:\/\/claudiamendizabal.com\/index.php\/2025\/04\/19\/el-cafe-y-las-moscas\/\">\n          <div class=\"cm-thumbwrap\">\n                          <img decoding=\"async\" class=\"cm-thumb\" src=\"https:\/\/claudiamendizabal.com\/wp-content\/uploads\/2025\/04\/family-7727035_1280-768x512.jpg\" alt=\"El caf\u00e9 y las moscas\">\n                      <\/div>\n          <h3 class=\"cm-title\">El caf\u00e9 y las moscas<\/h3>\n          <span class=\"cm-category\">15 min. de escritura con Claudia y Aude<\/span>        <\/a>\n      <\/article>\n          <article class=\"cm-card\">\n        <a href=\"https:\/\/claudiamendizabal.com\/index.php\/2025\/04\/08\/sin-avisar\/\">\n          <div class=\"cm-thumbwrap\">\n                          <img decoding=\"async\" class=\"cm-thumb\" src=\"https:\/\/claudiamendizabal.com\/wp-content\/uploads\/2025\/04\/IMG_6966-2-768x579.jpeg\" alt=\"Sin avisar\">\n                      <\/div>\n          <h3 class=\"cm-title\">Sin avisar<\/h3>\n          <span class=\"cm-category\">15 min. de escritura con Claudia y Aude<\/span>        <\/a>\n      <\/article>\n      <\/div>\n  \n\n<\/div>\n\t\t\t\t\t\t<\/div>\n\t\t\t\t<\/div>\n\t\t\t\t\t<\/div>\n\t\t<\/div>\n\t\t\t\t\t<\/div>\n\t\t<\/section>\n\t\t\t\t<section class=\"elementor-section elementor-top-section elementor-element elementor-element-157b5a4 elementor-section-boxed elementor-section-height-default elementor-section-height-default wpr-particle-no wpr-jarallax-no wpr-parallax-no wpr-sticky-section-no wpr-equal-height-no\" data-id=\"157b5a4\" data-element_type=\"section\" data-e-type=\"section\">\n\t\t\t\t\t\t<div class=\"elementor-container elementor-column-gap-default\">\n\t\t\t\t\t<div class=\"elementor-column elementor-col-100 elementor-top-column elementor-element elementor-element-1e31c55\" data-id=\"1e31c55\" data-element_type=\"column\" data-e-type=\"column\">\n\t\t\t<div class=\"elementor-widget-wrap elementor-element-populated\">\n\t\t\t\t\t\t<div class=\"elementor-element elementor-element-30ce1c3 elementor-widget elementor-widget-html\" data-id=\"30ce1c3\" data-element_type=\"widget\" data-e-type=\"widget\" data-widget_type=\"html.default\">\n\t\t\t\t<div class=\"elementor-widget-container\">\n\t\t\t\t\t<style>\n  .cm-epigrafe a {\n    color: #92bb4b;\n    text-decoration: none;\n    font-style: italic;\n    transition: color 0.3s ease;\n  }\n  .cm-epigrafe a:hover {\n    color: #a6c85c;\n  }\n<\/style>\n\n<p class=\"cm-epigrafe\" style=\"text-align:center; font-size:1.1rem; font-style:italic; margin-top:12px; line-height:1.6;\">\n  Dans <a href=\"https:\/\/claudiamendizabal.com\/index.php\/fr\/ecriture\/\">\u00c9criture<\/a> tu d\u00e9couvriras ma mani\u00e8re de travailler avec les mots, \u00e0 la crois\u00e9e du corps et du mouvement vers de nouveaux textes.<br>\n  Dans <a href=\"https:\/\/claudiamendizabal.com\/index.php\/fr\/mouvement\/\">Mouvement<\/a>, la danse de l\u2019instant, une fa\u00e7on d\u2019habiter le pr\u00e9sent pour s\u2019ouvrir \u00e0 la parole.<br>\n  Ou si tu veux <a href=\"https:\/\/claudiamendizabal.com\/index.php\/fr\/contact\/\">m\u2019\u00e9crire directement,<\/a> je suis l\u00e0. \n<\/p>\n\t\t\t\t<\/div>\n\t\t\t\t<\/div>\n\t\t\t\t\t<\/div>\n\t\t<\/div>\n\t\t\t\t\t<\/div>\n\t\t<\/section>\n\t\t\t\t<section class=\"elementor-section elementor-top-section elementor-element elementor-element-24ceff7 elementor-section-boxed elementor-section-height-default elementor-section-height-default wpr-particle-no wpr-jarallax-no wpr-parallax-no wpr-sticky-section-no wpr-equal-height-no\" data-id=\"24ceff7\" data-element_type=\"section\" data-e-type=\"section\" data-settings=\"{&quot;background_background&quot;:&quot;classic&quot;,&quot;shape_divider_top&quot;:&quot;waves&quot;}\">\n\t\t\t\t\t<div class=\"elementor-shape elementor-shape-top\" aria-hidden=\"true\" data-negative=\"false\">\n\t\t\t<svg xmlns=\"http:\/\/www.w3.org\/2000\/svg\" viewBox=\"0 0 1000 100\" preserveAspectRatio=\"none\">\n\t<path class=\"elementor-shape-fill\" d=\"M421.9,6.5c22.6-2.5,51.5,0.4,75.5,5.3c23.6,4.9,70.9,23.5,100.5,35.7c75.8,32.2,133.7,44.5,192.6,49.7\n\tc23.6,2.1,48.7,3.5,103.4-2.5c54.7-6,106.2-25.6,106.2-25.6V0H0v30.3c0,0,72,32.6,158.4,30.5c39.2-0.7,92.8-6.7,134-22.4\n\tc21.2-8.1,52.2-18.2,79.7-24.2C399.3,7.9,411.6,7.5,421.9,6.5z\"\/>\n<\/svg>\t\t<\/div>\n\t\t\t\t\t<div class=\"elementor-container elementor-column-gap-default\">\n\t\t\t\t\t<div class=\"elementor-column elementor-col-100 elementor-top-column elementor-element elementor-element-1504d2f\" data-id=\"1504d2f\" data-element_type=\"column\" data-e-type=\"column\">\n\t\t\t<div class=\"elementor-widget-wrap elementor-element-populated\">\n\t\t\t\t\t\t\t<\/div>\n\t\t<\/div>\n\t\t\t\t\t<\/div>\n\t\t<\/section>\n\t\t\t\t<\/div>\n\t\t","protected":false},"excerpt":{"rendered":"<p>\u00c9CRITURE \u0152UVRE MISE EN LUMI\u00c8RE MOUVEMENT \u00c9criture et mouvement : ma mani\u00e8re d\u2019habiter le monde.https:\/\/youtu.be\/n14-QYCBXm4 INSTANTS R\u00c9CENTS Dans \u00c9criture tu d\u00e9couvriras ma mani\u00e8re de travailler avec les mots, \u00e0 la crois\u00e9e du corps et du mouvement vers de nouveaux textes. Dans Mouvement, la danse de l\u2019instant, une fa\u00e7on d\u2019habiter le pr\u00e9sent pour s\u2019ouvrir \u00e0 la parole. Ou si tu veux m\u2019\u00e9crire directement, je suis l\u00e0.<\/p>\n","protected":false},"author":1,"featured_media":6396,"parent":0,"menu_order":0,"comment_status":"closed","ping_status":"closed","template":"elementor_header_footer","meta":{"advanced_seo_description":"","jetpack_seo_html_title":"","jetpack_seo_noindex":false,"jetpack_post_was_ever_published":false,"footnotes":""},"class_list":["post-5036","page","type-page","status-publish","has-post-thumbnail","hentry"],"jetpack_sharing_enabled":true,"jetpack_likes_enabled":true,"jetpack_shortlink":"https:\/\/wp.me\/P9CIpq-1je","_links":{"self":[{"href":"https:\/\/claudiamendizabal.com\/index.php\/wp-json\/wp\/v2\/pages\/5036","targetHints":{"allow":["GET"]}}],"collection":[{"href":"https:\/\/claudiamendizabal.com\/index.php\/wp-json\/wp\/v2\/pages"}],"about":[{"href":"https:\/\/claudiamendizabal.com\/index.php\/wp-json\/wp\/v2\/types\/page"}],"author":[{"embeddable":true,"href":"https:\/\/claudiamendizabal.com\/index.php\/wp-json\/wp\/v2\/users\/1"}],"replies":[{"embeddable":true,"href":"https:\/\/claudiamendizabal.com\/index.php\/wp-json\/wp\/v2\/comments?post=5036"}],"version-history":[{"count":118,"href":"https:\/\/claudiamendizabal.com\/index.php\/wp-json\/wp\/v2\/pages\/5036\/revisions"}],"predecessor-version":[{"id":6504,"href":"https:\/\/claudiamendizabal.com\/index.php\/wp-json\/wp\/v2\/pages\/5036\/revisions\/6504"}],"wp:featuredmedia":[{"embeddable":true,"href":"https:\/\/claudiamendizabal.com\/index.php\/wp-json\/wp\/v2\/media\/6396"}],"wp:attachment":[{"href":"https:\/\/claudiamendizabal.com\/index.php\/wp-json\/wp\/v2\/media?parent=5036"}],"curies":[{"name":"wp","href":"https:\/\/api.w.org\/{rel}","templated":true}]}}