{"id":5038,"date":"2025-08-20T15:17:17","date_gmt":"2025-08-20T13:17:17","guid":{"rendered":"https:\/\/claudiamendizabal.com\/?page_id=5038"},"modified":"2025-09-26T21:04:27","modified_gmt":"2025-09-26T19:04:27","slug":"qui-je-suis","status":"publish","type":"page","link":"https:\/\/claudiamendizabal.com\/index.php\/fr\/qui-je-suis\/","title":{"rendered":"Qui suis-je"},"content":{"rendered":"\t\t<div data-elementor-type=\"wp-page\" data-elementor-id=\"5038\" class=\"elementor elementor-5038\">\n\t\t\t\t\t\t<section class=\"elementor-section elementor-top-section elementor-element elementor-element-e9de271 elementor-section-boxed elementor-section-height-default elementor-section-height-default wpr-particle-no wpr-jarallax-no wpr-parallax-no wpr-sticky-section-no wpr-equal-height-no\" data-id=\"e9de271\" data-element_type=\"section\" data-e-type=\"section\" data-settings=\"{&quot;background_background&quot;:&quot;classic&quot;,&quot;shape_divider_bottom&quot;:&quot;waves&quot;}\">\n\t\t\t\t\t<div class=\"elementor-shape elementor-shape-bottom\" aria-hidden=\"true\" data-negative=\"false\">\n\t\t\t<svg xmlns=\"http:\/\/www.w3.org\/2000\/svg\" viewBox=\"0 0 1000 100\" preserveAspectRatio=\"none\">\n\t<path class=\"elementor-shape-fill\" d=\"M421.9,6.5c22.6-2.5,51.5,0.4,75.5,5.3c23.6,4.9,70.9,23.5,100.5,35.7c75.8,32.2,133.7,44.5,192.6,49.7\n\tc23.6,2.1,48.7,3.5,103.4-2.5c54.7-6,106.2-25.6,106.2-25.6V0H0v30.3c0,0,72,32.6,158.4,30.5c39.2-0.7,92.8-6.7,134-22.4\n\tc21.2-8.1,52.2-18.2,79.7-24.2C399.3,7.9,411.6,7.5,421.9,6.5z\"\/>\n<\/svg>\t\t<\/div>\n\t\t\t\t\t<div class=\"elementor-container elementor-column-gap-default\">\n\t\t\t\t\t<div class=\"elementor-column elementor-col-100 elementor-top-column elementor-element elementor-element-0301c19\" data-id=\"0301c19\" data-element_type=\"column\" data-e-type=\"column\">\n\t\t\t<div class=\"elementor-widget-wrap elementor-element-populated\">\n\t\t\t\t\t\t<div class=\"elementor-element elementor-element-3c00020 elementor-widget elementor-widget-text-editor\" data-id=\"3c00020\" data-element_type=\"widget\" data-e-type=\"widget\" data-widget_type=\"text-editor.default\">\n\t\t\t\t<div class=\"elementor-widget-container\">\n\t\t\t\t\t\t\t\t\t<p>J\u2019\u00e9cris, je danse, et au croisement de ces deux chemins, je trouve peu \u00e0 peu ma voix.<\/p>\t\t\t\t\t\t\t\t<\/div>\n\t\t\t\t<\/div>\n\t\t\t\t<div class=\"elementor-element elementor-element-7d59ca2 elementor-widget elementor-widget-heading\" data-id=\"7d59ca2\" data-element_type=\"widget\" data-e-type=\"widget\" data-widget_type=\"heading.default\">\n\t\t\t\t<div class=\"elementor-widget-container\">\n\t\t\t\t\t<h1 class=\"elementor-heading-title elementor-size-default\">Qui suis-je<\/h1>\t\t\t\t<\/div>\n\t\t\t\t<\/div>\n\t\t\t\t\t<\/div>\n\t\t<\/div>\n\t\t\t\t\t<\/div>\n\t\t<\/section>\n\t\t\t\t<section class=\"elementor-section elementor-top-section elementor-element elementor-element-62049b74 elementor-section-boxed elementor-section-height-default elementor-section-height-default wpr-particle-no wpr-jarallax-no wpr-parallax-no wpr-sticky-section-no wpr-equal-height-no\" data-id=\"62049b74\" data-element_type=\"section\" data-e-type=\"section\">\n\t\t\t\t\t\t<div class=\"elementor-container elementor-column-gap-default\">\n\t\t\t\t\t<div class=\"elementor-column elementor-col-100 elementor-top-column elementor-element elementor-element-6047cb40\" data-id=\"6047cb40\" data-element_type=\"column\" data-e-type=\"column\">\n\t\t\t<div class=\"elementor-widget-wrap elementor-element-populated\">\n\t\t\t\t\t\t<div class=\"elementor-element elementor-element-41dadb82 elementor-widget elementor-widget-text-editor\" data-id=\"41dadb82\" data-element_type=\"widget\" data-e-type=\"widget\" data-widget_type=\"text-editor.default\">\n\t\t\t\t<div class=\"elementor-widget-container\">\n\t\t\t\t\t\t\t\t\t<p style=\"font-weight: 400;\">Je m\u2019appelle <span style=\"font-weight: 600;\">Claudia Mendiz\u00e1bal<\/span>. J\u2019\u00e9cris, je danse, et au croisement de ces deux chemins, je trouve peu \u00e0 peu ma voix.<\/p><p style=\"font-weight: 400;\">Je viens de la <span style=\"font-weight: 600;\">danse et du th\u00e9\u00e2tre du mouvement<\/span>. Je suis danseuse et actrice. J\u2019ai \u00e9tudi\u00e9 la <span style=\"font-weight: 600;\">communication<\/span> et travaill\u00e9 en production audiovisuelle. Je me suis form\u00e9e comme professeure de <span style=\"font-weight: 600;\">yoga et de pilates<\/span> et, pendant des ann\u00e9es, j\u2019ai transmis ces pratiques. Je m\u00e9dite aussi et je pratique la <span style=\"font-weight: 600;\">pleine conscience<\/span>, une attention qui irrigue ma mani\u00e8re d\u2019habiter le corps et la vie.<\/p><p style=\"font-weight: 400;\"><span style=\"font-weight: 600;\">L\u2019\u00e9criture a toujours \u00e9t\u00e9 l\u00e0<\/span>. Elle me permet de comprendre le monde et de me comprendre. J\u2019ai lanc\u00e9 mon <a href=\"https:\/\/claudiamendizabal.com\/index.php\/mi-blog\/\">blog<\/a> sans autre pr\u00e9tention que le plaisir d\u2019\u00e9crire, de cr\u00e9er des univers et d\u2019habiter le monde par les mots. Et, sans l\u2019avoir cherch\u00e9, j\u2019ai fini par \u00e9crire <a href=\"https:\/\/claudiamendizabal.com\/index.php\/fr\/ecriture\/#premier-roman\">mon premier roman<\/a>, publi\u00e9 en 2023.<\/p>\t\t\t\t\t\t\t\t<\/div>\n\t\t\t\t<\/div>\n\t\t\t\t\t<\/div>\n\t\t<\/div>\n\t\t\t\t\t<\/div>\n\t\t<\/section>\n\t\t\t\t<section class=\"elementor-section elementor-top-section elementor-element elementor-element-0401b03 elementor-section-boxed elementor-section-height-default elementor-section-height-default wpr-particle-no wpr-jarallax-no wpr-parallax-no wpr-sticky-section-no wpr-equal-height-no\" data-id=\"0401b03\" data-element_type=\"section\" data-e-type=\"section\">\n\t\t\t\t\t\t<div class=\"elementor-container elementor-column-gap-default\">\n\t\t\t\t\t<div class=\"elementor-column elementor-col-100 elementor-top-column elementor-element elementor-element-dd42af8\" data-id=\"dd42af8\" data-element_type=\"column\" data-e-type=\"column\">\n\t\t\t<div class=\"elementor-widget-wrap elementor-element-populated\">\n\t\t\t\t\t\t<div class=\"elementor-element elementor-element-0ede213 elementor-widget elementor-widget-image\" data-id=\"0ede213\" data-element_type=\"widget\" data-e-type=\"widget\" data-widget_type=\"image.default\">\n\t\t\t\t<div class=\"elementor-widget-container\">\n\t\t\t\t\t\t\t\t\t\t\t\t\t\t\t<img fetchpriority=\"high\" decoding=\"async\" width=\"700\" height=\"525\" src=\"https:\/\/claudiamendizabal.com\/wp-content\/uploads\/2025\/09\/Qui-suis-je-1-700x525.jpg\" class=\"attachment-large size-large wp-image-6473\" alt=\"Claudia Mendiz\u00e1bal sentada en un balc\u00f3n con libreta sobre la mesa, mirada serena hacia la c\u00e1mara.\" srcset=\"https:\/\/claudiamendizabal.com\/wp-content\/uploads\/2025\/09\/Qui-suis-je-1-700x525.jpg 700w, https:\/\/claudiamendizabal.com\/wp-content\/uploads\/2025\/09\/Qui-suis-je-1-300x225.jpg 300w, https:\/\/claudiamendizabal.com\/wp-content\/uploads\/2025\/09\/Qui-suis-je-1-768x576.jpg 768w, https:\/\/claudiamendizabal.com\/wp-content\/uploads\/2025\/09\/Qui-suis-je-1-1536x1152.jpg 1536w, https:\/\/claudiamendizabal.com\/wp-content\/uploads\/2025\/09\/Qui-suis-je-1-1140x855.jpg 1140w, https:\/\/claudiamendizabal.com\/wp-content\/uploads\/2025\/09\/Qui-suis-je-1.jpg 2000w\" sizes=\"(max-width: 700px) 100vw, 700px\" \/>\t\t\t\t\t\t\t\t\t\t\t\t\t\t\t<\/div>\n\t\t\t\t<\/div>\n\t\t\t\t\t<\/div>\n\t\t<\/div>\n\t\t\t\t\t<\/div>\n\t\t<\/section>\n\t\t\t\t<section class=\"elementor-section elementor-top-section elementor-element elementor-element-21d9f84 elementor-section-boxed elementor-section-height-default elementor-section-height-default wpr-particle-no wpr-jarallax-no wpr-parallax-no wpr-sticky-section-no wpr-equal-height-no\" data-id=\"21d9f84\" data-element_type=\"section\" data-e-type=\"section\">\n\t\t\t\t\t\t<div class=\"elementor-container elementor-column-gap-default\">\n\t\t\t\t\t<div class=\"elementor-column elementor-col-100 elementor-top-column elementor-element elementor-element-b77bfac\" data-id=\"b77bfac\" data-element_type=\"column\" data-e-type=\"column\">\n\t\t\t<div class=\"elementor-widget-wrap elementor-element-populated\">\n\t\t\t\t\t\t<div class=\"elementor-element elementor-element-14cfe42 elementor-widget elementor-widget-text-editor\" data-id=\"14cfe42\" data-element_type=\"widget\" data-e-type=\"widget\" data-widget_type=\"text-editor.default\">\n\t\t\t\t<div class=\"elementor-widget-container\">\n\t\t\t\t\t\t\t\t\t<p style=\"font-weight: 400;\">Aujourd\u2019hui, apr\u00e8s avoir longtemps avanc\u00e9 sur des chemins parall\u00e8les, j\u2019int\u00e8gre ce qui paraissait s\u00e9par\u00e9. <span style=\"font-weight: 600;\">\u00c9criture et mouvement n\u2019est pas qu\u2019une devise : c\u2019est ma mani\u00e8re d\u2019habiter le monde, de cr\u00e9er et d\u2019accompagner.<\/span><\/p>\n<p style=\"font-weight: 400;\">Je ne donne pas de cours de technique. Ce qui m\u2019int\u00e9resse, c\u2019est <span style=\"font-weight: 600;\">le mouvement comme voie d\u2019acc\u00e8s au corps<\/span>, aux sensations, \u00e0 la cr\u00e9ativit\u00e9. Une mani\u00e8re de <span style=\"font-weight: 600;\">revenir \u00e0 ce qui est vivant<\/span>, d\u2019\u00eatre pr\u00e9sente, de lib\u00e9rer ce qui est contenu et de laisser surgir les mots. J\u2019appelle cela la <a href=\"https:\/\/claudiamendizabal.com\/index.php\/fr\/mouvement\/#la-danse-de-l-instant\">danse de l\u2019instant<\/a>.<\/p>\t\t\t\t\t\t\t\t<\/div>\n\t\t\t\t<\/div>\n\t\t\t\t\t<\/div>\n\t\t<\/div>\n\t\t\t\t\t<\/div>\n\t\t<\/section>\n\t\t\t\t<section class=\"elementor-section elementor-top-section elementor-element elementor-element-1c9108b elementor-section-boxed elementor-section-height-default elementor-section-height-default wpr-particle-no wpr-jarallax-no wpr-parallax-no wpr-sticky-section-no wpr-equal-height-no\" data-id=\"1c9108b\" data-element_type=\"section\" data-e-type=\"section\">\n\t\t\t\t\t\t<div class=\"elementor-container elementor-column-gap-default\">\n\t\t\t\t\t<div class=\"elementor-column elementor-col-100 elementor-top-column elementor-element elementor-element-3998edb\" data-id=\"3998edb\" data-element_type=\"column\" data-e-type=\"column\">\n\t\t\t<div class=\"elementor-widget-wrap elementor-element-populated\">\n\t\t\t\t\t\t<div class=\"elementor-element elementor-element-308fdc5 elementor-widget elementor-widget-text-editor\" data-id=\"308fdc5\" data-element_type=\"widget\" data-e-type=\"widget\" data-widget_type=\"text-editor.default\">\n\t\t\t\t<div class=\"elementor-widget-container\">\n\t\t\t\t\t\t\t\t\t<em><span lang=\"ES\"><span style=\"font-family: Georgia, 'Times New Roman', serif; font-size: 3.5rem; line-height: 0.6; color: #92bb4b; vertical-align: top; margin-right: 6px; display: inline-block;\">\u201c<\/span>Je pr\u00e9f\u00e8re le geste qui traverse tout : je suis une femme qui \u00e9crit, qui se met en mouvement, qui cherche \u00e0 habiter le monde avec authenticit\u00e9 et l\u00e9g\u00e8ret\u00e9&rdquo;.<\/span><\/em>\t\t\t\t\t\t\t\t<\/div>\n\t\t\t\t<\/div>\n\t\t\t\t\t<\/div>\n\t\t<\/div>\n\t\t\t\t\t<\/div>\n\t\t<\/section>\n\t\t\t\t<section class=\"elementor-section elementor-top-section elementor-element elementor-element-671aa09 elementor-section-boxed elementor-section-height-default elementor-section-height-default wpr-particle-no wpr-jarallax-no wpr-parallax-no wpr-sticky-section-no wpr-equal-height-no\" data-id=\"671aa09\" data-element_type=\"section\" data-e-type=\"section\">\n\t\t\t\t\t\t<div class=\"elementor-container elementor-column-gap-default\">\n\t\t\t\t\t<div class=\"elementor-column elementor-col-100 elementor-top-column elementor-element elementor-element-c3fc5bb\" data-id=\"c3fc5bb\" data-element_type=\"column\" data-e-type=\"column\">\n\t\t\t<div class=\"elementor-widget-wrap elementor-element-populated\">\n\t\t\t\t\t\t<div class=\"elementor-element elementor-element-d8f7789 elementor-widget elementor-widget-text-editor\" data-id=\"d8f7789\" data-element_type=\"widget\" data-e-type=\"widget\" data-widget_type=\"text-editor.default\">\n\t\t\t\t<div class=\"elementor-widget-container\">\n\t\t\t\t\t\t\t\t\t<p style=\"font-weight: 400;\">Je ne me d\u00e9finis ni comme \u00e9crivaine, ni comme danseuse, ni comme professeure de mouvement. <span style=\"font-weight: 600;\">Je pr\u00e9f\u00e8re le geste qui traverse tout<\/span> : je suis une femme qui \u00e9crit, qui se met en mouvement, qui cherche \u00e0 habiter le monde avec authenticit\u00e9 et l\u00e9g\u00e8ret\u00e9. Et j\u2019aime partager cette recherche.<\/p><p style=\"font-weight: 400;\">J\u2019\u00e9cris seule et en groupe. Parfois, je propose des ateliers ou des r\u00e9sidences o\u00f9 <span style=\"font-weight: 600;\">le corps est l\u2019entr\u00e9e et l\u2019\u00e9criture en est le m\u00e9dium<\/span>. Je travaille aussi avec des personnes qui ne se consacrent pas \u00e0 l\u2019art, mais qui ressentent le d\u00e9sir de s\u2019exprimer ou qui ont besoin de retrouver confiance et fluidit\u00e9.<\/p>\t\t\t\t\t\t\t\t<\/div>\n\t\t\t\t<\/div>\n\t\t\t\t\t<\/div>\n\t\t<\/div>\n\t\t\t\t\t<\/div>\n\t\t<\/section>\n\t\t\t\t<section class=\"elementor-section elementor-top-section elementor-element elementor-element-eaf76b7 elementor-section-boxed elementor-section-height-default elementor-section-height-default wpr-particle-no wpr-jarallax-no wpr-parallax-no wpr-sticky-section-no wpr-equal-height-no\" data-id=\"eaf76b7\" data-element_type=\"section\" data-e-type=\"section\">\n\t\t\t\t\t\t<div class=\"elementor-container elementor-column-gap-default\">\n\t\t\t\t\t<div class=\"elementor-column elementor-col-100 elementor-top-column elementor-element elementor-element-824732d\" data-id=\"824732d\" data-element_type=\"column\" data-e-type=\"column\">\n\t\t\t<div class=\"elementor-widget-wrap elementor-element-populated\">\n\t\t\t\t\t\t<div class=\"elementor-element elementor-element-2f96de2 elementor-widget elementor-widget-image\" data-id=\"2f96de2\" data-element_type=\"widget\" data-e-type=\"widget\" data-widget_type=\"image.default\">\n\t\t\t\t<div class=\"elementor-widget-container\">\n\t\t\t\t\t\t\t\t\t\t\t\t\t\t\t<img decoding=\"async\" width=\"700\" height=\"467\" src=\"https:\/\/claudiamendizabal.com\/wp-content\/uploads\/2025\/09\/Qui-suis-je-2-700x467.jpg\" class=\"attachment-large size-large wp-image-6453\" alt=\"Luz de ventanales; escritora sentada en el suelo con computadora y cuaderno.\" srcset=\"https:\/\/claudiamendizabal.com\/wp-content\/uploads\/2025\/09\/Qui-suis-je-2-700x467.jpg 700w, https:\/\/claudiamendizabal.com\/wp-content\/uploads\/2025\/09\/Qui-suis-je-2-300x200.jpg 300w, https:\/\/claudiamendizabal.com\/wp-content\/uploads\/2025\/09\/Qui-suis-je-2-768x512.jpg 768w, https:\/\/claudiamendizabal.com\/wp-content\/uploads\/2025\/09\/Qui-suis-je-2-1536x1024.jpg 1536w, https:\/\/claudiamendizabal.com\/wp-content\/uploads\/2025\/09\/Qui-suis-je-2-1140x760.jpg 1140w, https:\/\/claudiamendizabal.com\/wp-content\/uploads\/2025\/09\/Qui-suis-je-2.jpg 2000w\" sizes=\"(max-width: 700px) 100vw, 700px\" \/>\t\t\t\t\t\t\t\t\t\t\t\t\t\t\t<\/div>\n\t\t\t\t<\/div>\n\t\t\t\t\t<\/div>\n\t\t<\/div>\n\t\t\t\t\t<\/div>\n\t\t<\/section>\n\t\t\t\t<section class=\"elementor-section elementor-top-section elementor-element elementor-element-7b2144e elementor-section-boxed elementor-section-height-default elementor-section-height-default wpr-particle-no wpr-jarallax-no wpr-parallax-no wpr-sticky-section-no wpr-equal-height-no\" data-id=\"7b2144e\" data-element_type=\"section\" data-e-type=\"section\">\n\t\t\t\t\t\t<div class=\"elementor-container elementor-column-gap-default\">\n\t\t\t\t\t<div class=\"elementor-column elementor-col-100 elementor-top-column elementor-element elementor-element-4656bd9\" data-id=\"4656bd9\" data-element_type=\"column\" data-e-type=\"column\">\n\t\t\t<div class=\"elementor-widget-wrap elementor-element-populated\">\n\t\t\t\t\t\t<div class=\"elementor-element elementor-element-9fc783e elementor-widget elementor-widget-text-editor\" data-id=\"9fc783e\" data-element_type=\"widget\" data-e-type=\"widget\" data-widget_type=\"text-editor.default\">\n\t\t\t\t<div class=\"elementor-widget-container\">\n\t\t\t\t\t\t\t\t\t<p style=\"font-style: italic; font-size: 1.1em; text-align: center; margin-top: 2em;\">Ce site est une fen\u00eatre sur mon travail, mais aussi sur mon processus. J\u2019y partage des textes, des photos, des vid\u00e9os et les coulisses de la cr\u00e9ation.\u00a0<br \/>Merci de votre lecture.<br \/>Si quelque chose ici r\u00e9sonne en vous, je vous invite \u00e0 poursuivre l\u2019exploration de cet espace.<\/p>\t\t\t\t\t\t\t\t<\/div>\n\t\t\t\t<\/div>\n\t\t\t\t\t<\/div>\n\t\t<\/div>\n\t\t\t\t\t<\/div>\n\t\t<\/section>\n\t\t\t\t<section class=\"elementor-section elementor-top-section elementor-element elementor-element-a948170 elementor-section-boxed elementor-section-height-default elementor-section-height-default wpr-particle-no wpr-jarallax-no wpr-parallax-no wpr-sticky-section-no wpr-equal-height-no\" data-id=\"a948170\" data-element_type=\"section\" data-e-type=\"section\">\n\t\t\t\t\t\t<div class=\"elementor-container elementor-column-gap-default\">\n\t\t\t\t\t<div class=\"elementor-column elementor-col-100 elementor-top-column elementor-element elementor-element-60cecb4\" data-id=\"60cecb4\" data-element_type=\"column\" data-e-type=\"column\">\n\t\t\t<div class=\"elementor-widget-wrap elementor-element-populated\">\n\t\t\t\t\t\t<section class=\"elementor-section elementor-inner-section elementor-element elementor-element-1d59deb elementor-section-boxed elementor-section-height-default elementor-section-height-default wpr-particle-no wpr-jarallax-no wpr-parallax-no wpr-sticky-section-no wpr-equal-height-no\" data-id=\"1d59deb\" data-element_type=\"section\" data-e-type=\"section\">\n\t\t\t\t\t\t<div class=\"elementor-container elementor-column-gap-default\">\n\t\t\t\t\t<div class=\"elementor-column elementor-col-50 elementor-inner-column elementor-element elementor-element-6df72fc\" data-id=\"6df72fc\" data-element_type=\"column\" data-e-type=\"column\">\n\t\t\t<div class=\"elementor-widget-wrap elementor-element-populated\">\n\t\t\t\t\t\t<div class=\"elementor-element elementor-element-2b82d75 elementor-align-center elementor-widget elementor-widget-button\" data-id=\"2b82d75\" data-element_type=\"widget\" data-e-type=\"widget\" data-widget_type=\"button.default\">\n\t\t\t\t<div class=\"elementor-widget-container\">\n\t\t\t\t\t\t\t\t\t<div class=\"elementor-button-wrapper\">\n\t\t\t\t\t<a class=\"elementor-button elementor-button-link elementor-size-sm\" href=\"https:\/\/claudiamendizabal.com\/index.php\/mi-blog\/\">\n\t\t\t\t\t\t<span class=\"elementor-button-content-wrapper\">\n\t\t\t\t\t\t\t\t\t<span class=\"elementor-button-text\">EXPLORE LE BLOG<\/span>\n\t\t\t\t\t<\/span>\n\t\t\t\t\t<\/a>\n\t\t\t\t<\/div>\n\t\t\t\t\t\t\t\t<\/div>\n\t\t\t\t<\/div>\n\t\t\t\t\t<\/div>\n\t\t<\/div>\n\t\t\t\t<div class=\"elementor-column elementor-col-50 elementor-inner-column elementor-element elementor-element-e84ec19\" data-id=\"e84ec19\" data-element_type=\"column\" data-e-type=\"column\">\n\t\t\t<div class=\"elementor-widget-wrap elementor-element-populated\">\n\t\t\t\t\t\t<div class=\"elementor-element elementor-element-bd9086f elementor-align-center elementor-widget elementor-widget-button\" data-id=\"bd9086f\" data-element_type=\"widget\" data-e-type=\"widget\" data-widget_type=\"button.default\">\n\t\t\t\t<div class=\"elementor-widget-container\">\n\t\t\t\t\t\t\t\t\t<div class=\"elementor-button-wrapper\">\n\t\t\t\t\t<a class=\"elementor-button elementor-button-link elementor-size-sm\" href=\"https:\/\/claudiamendizabal.com\/index.php\/fr\/contact\/\">\n\t\t\t\t\t\t<span class=\"elementor-button-content-wrapper\">\n\t\t\t\t\t\t\t\t\t<span class=\"elementor-button-text\">\u00c9CRIS-MOI<\/span>\n\t\t\t\t\t<\/span>\n\t\t\t\t\t<\/a>\n\t\t\t\t<\/div>\n\t\t\t\t\t\t\t\t<\/div>\n\t\t\t\t<\/div>\n\t\t\t\t\t<\/div>\n\t\t<\/div>\n\t\t\t\t\t<\/div>\n\t\t<\/section>\n\t\t\t\t\t<\/div>\n\t\t<\/div>\n\t\t\t\t\t<\/div>\n\t\t<\/section>\n\t\t\t\t<section class=\"elementor-section elementor-top-section elementor-element elementor-element-77c9b1c elementor-section-boxed elementor-section-height-default elementor-section-height-default wpr-particle-no wpr-jarallax-no wpr-parallax-no wpr-sticky-section-no wpr-equal-height-no\" data-id=\"77c9b1c\" data-element_type=\"section\" data-e-type=\"section\" data-settings=\"{&quot;background_background&quot;:&quot;classic&quot;,&quot;shape_divider_top&quot;:&quot;waves&quot;}\">\n\t\t\t\t\t<div class=\"elementor-shape elementor-shape-top\" aria-hidden=\"true\" data-negative=\"false\">\n\t\t\t<svg xmlns=\"http:\/\/www.w3.org\/2000\/svg\" viewBox=\"0 0 1000 100\" preserveAspectRatio=\"none\">\n\t<path class=\"elementor-shape-fill\" d=\"M421.9,6.5c22.6-2.5,51.5,0.4,75.5,5.3c23.6,4.9,70.9,23.5,100.5,35.7c75.8,32.2,133.7,44.5,192.6,49.7\n\tc23.6,2.1,48.7,3.5,103.4-2.5c54.7-6,106.2-25.6,106.2-25.6V0H0v30.3c0,0,72,32.6,158.4,30.5c39.2-0.7,92.8-6.7,134-22.4\n\tc21.2-8.1,52.2-18.2,79.7-24.2C399.3,7.9,411.6,7.5,421.9,6.5z\"\/>\n<\/svg>\t\t<\/div>\n\t\t\t\t\t<div class=\"elementor-container elementor-column-gap-default\">\n\t\t\t\t\t<div class=\"elementor-column elementor-col-100 elementor-top-column elementor-element elementor-element-e79d3ad\" data-id=\"e79d3ad\" data-element_type=\"column\" data-e-type=\"column\">\n\t\t\t<div class=\"elementor-widget-wrap elementor-element-populated\">\n\t\t\t\t\t\t\t<\/div>\n\t\t<\/div>\n\t\t\t\t\t<\/div>\n\t\t<\/section>\n\t\t\t\t<\/div>\n\t\t","protected":false},"excerpt":{"rendered":"<p>J\u2019\u00e9cris, je danse, et au croisement de ces deux chemins, je trouve peu \u00e0 peu ma voix. Qui suis-je Je m\u2019appelle Claudia Mendiz\u00e1bal. J\u2019\u00e9cris, je danse, et au croisement de ces deux chemins, je trouve peu \u00e0 peu ma voix. Je viens de la danse et du th\u00e9\u00e2tre du mouvement. Je suis danseuse et actrice. J\u2019ai \u00e9tudi\u00e9 la communication et travaill\u00e9 en production audiovisuelle. Je me suis form\u00e9e comme professeure de yoga et de pilates et, pendant des ann\u00e9es, j\u2019ai transmis ces pratiques. Je m\u00e9dite aussi et je pratique la pleine conscience, une attention qui irrigue ma mani\u00e8re d\u2019habiter le corps et la vie. L\u2019\u00e9criture a toujours \u00e9t\u00e9 l\u00e0. Elle me permet de comprendre le monde et de me comprendre. J\u2019ai lanc\u00e9 mon blog sans autre pr\u00e9tention que le plaisir d\u2019\u00e9crire, de cr\u00e9er des univers et d\u2019habiter le monde par les mots. Et, sans l\u2019avoir cherch\u00e9, j\u2019ai fini par \u00e9crire mon premier roman, publi\u00e9 en 2023. Aujourd\u2019hui, apr\u00e8s avoir longtemps avanc\u00e9 sur des chemins parall\u00e8les, j\u2019int\u00e8gre ce qui paraissait s\u00e9par\u00e9. \u00c9criture et mouvement n\u2019est pas qu\u2019une devise : c\u2019est ma mani\u00e8re d\u2019habiter le monde, de cr\u00e9er et d\u2019accompagner. Je ne donne pas de cours de technique. Ce qui m\u2019int\u00e9resse, c\u2019est le mouvement comme voie d\u2019acc\u00e8s au corps, aux sensations, \u00e0 la cr\u00e9ativit\u00e9. Une mani\u00e8re de revenir \u00e0 ce qui est vivant, d\u2019\u00eatre pr\u00e9sente, de lib\u00e9rer ce qui est contenu et de laisser surgir les mots. J\u2019appelle cela la danse de l\u2019instant. \u201cJe pr\u00e9f\u00e8re le geste qui traverse tout : je suis une femme qui \u00e9crit, qui se met en mouvement, qui cherche \u00e0 habiter le monde avec authenticit\u00e9 et l\u00e9g\u00e8ret\u00e9&rdquo;. Je ne me d\u00e9finis ni comme \u00e9crivaine, ni comme danseuse, ni comme professeure de mouvement. Je pr\u00e9f\u00e8re le geste qui traverse tout : je suis une femme qui \u00e9crit, qui se met en mouvement, qui cherche \u00e0 habiter le monde avec authenticit\u00e9 et l\u00e9g\u00e8ret\u00e9. Et j\u2019aime partager cette recherche. J\u2019\u00e9cris seule et en groupe. Parfois, je propose des ateliers ou des r\u00e9sidences o\u00f9 le corps est l\u2019entr\u00e9e et l\u2019\u00e9criture en est le m\u00e9dium. Je travaille aussi avec des personnes qui ne se consacrent pas \u00e0 l\u2019art, mais qui ressentent le d\u00e9sir de s\u2019exprimer ou qui ont besoin de retrouver confiance et fluidit\u00e9. Ce site est une fen\u00eatre sur mon travail, mais aussi sur mon processus. J\u2019y partage des textes, des photos, des vid\u00e9os et les coulisses de la cr\u00e9ation.\u00a0Merci de votre lecture.Si quelque chose ici r\u00e9sonne en vous, je vous invite \u00e0 poursuivre l\u2019exploration de cet espace. EXPLORE LE BLOG \u00c9CRIS-MOI<\/p>\n","protected":false},"author":1,"featured_media":6289,"parent":0,"menu_order":0,"comment_status":"closed","ping_status":"closed","template":"elementor_header_footer","meta":{"advanced_seo_description":"","jetpack_seo_html_title":"","jetpack_seo_noindex":false,"jetpack_post_was_ever_published":false,"footnotes":""},"class_list":["post-5038","page","type-page","status-publish","has-post-thumbnail","hentry"],"jetpack_sharing_enabled":true,"jetpack_likes_enabled":true,"jetpack_shortlink":"https:\/\/wp.me\/P9CIpq-1jg","_links":{"self":[{"href":"https:\/\/claudiamendizabal.com\/index.php\/wp-json\/wp\/v2\/pages\/5038","targetHints":{"allow":["GET"]}}],"collection":[{"href":"https:\/\/claudiamendizabal.com\/index.php\/wp-json\/wp\/v2\/pages"}],"about":[{"href":"https:\/\/claudiamendizabal.com\/index.php\/wp-json\/wp\/v2\/types\/page"}],"author":[{"embeddable":true,"href":"https:\/\/claudiamendizabal.com\/index.php\/wp-json\/wp\/v2\/users\/1"}],"replies":[{"embeddable":true,"href":"https:\/\/claudiamendizabal.com\/index.php\/wp-json\/wp\/v2\/comments?post=5038"}],"version-history":[{"count":35,"href":"https:\/\/claudiamendizabal.com\/index.php\/wp-json\/wp\/v2\/pages\/5038\/revisions"}],"predecessor-version":[{"id":6479,"href":"https:\/\/claudiamendizabal.com\/index.php\/wp-json\/wp\/v2\/pages\/5038\/revisions\/6479"}],"wp:featuredmedia":[{"embeddable":true,"href":"https:\/\/claudiamendizabal.com\/index.php\/wp-json\/wp\/v2\/media\/6289"}],"wp:attachment":[{"href":"https:\/\/claudiamendizabal.com\/index.php\/wp-json\/wp\/v2\/media?parent=5038"}],"curies":[{"name":"wp","href":"https:\/\/api.w.org\/{rel}","templated":true}]}}